{"id":447,"date":"2025-09-01T05:13:01","date_gmt":"2025-09-01T05:13:01","guid":{"rendered":"https:\/\/perupernos.com.pe\/?post_type=product&#038;p=447"},"modified":"2025-09-01T05:56:51","modified_gmt":"2025-09-01T05:56:51","slug":"caja-condulet-tipo-c","status":"publish","type":"product","link":"https:\/\/perupernos.com.pe\/?product=caja-condulet-tipo-c","title":{"rendered":"Caja Condulet tipo C"},"content":{"rendered":"<p data-start=\"448\" data-end=\"733\">La <strong data-start=\"451\" data-end=\"475\">Caja Condulet Tipo C<\/strong> es un accesorio esencial para canalizaciones el\u00e9ctricas, utilizada para permitir el acceso al cableado en cambios de direcci\u00f3n. Este modelo est\u00e1 dise\u00f1ado con cuerpo de aluminio fundido resistente a la corrosi\u00f3n, ideal para ambientes interiores y exteriores.<\/p>\n<h4 data-start=\"735\" data-end=\"769\">\u2705 Caracter\u00edsticas destacadas:<\/h4>\n<ul data-start=\"770\" data-end=\"1139\">\n<li data-start=\"770\" data-end=\"826\">\n<p data-start=\"772\" data-end=\"826\">\ud83d\udd29 <strong data-start=\"775\" data-end=\"788\">Material:<\/strong> Aluminio fundido de alta resistencia.<\/p>\n<\/li>\n<li data-start=\"827\" data-end=\"887\">\n<p data-start=\"829\" data-end=\"887\">\ud83d\udd27 <strong data-start=\"832\" data-end=\"841\">Tipo:<\/strong> Condulet tipo C (entrada por ambos extremos).<\/p>\n<\/li>\n<li data-start=\"888\" data-end=\"964\">\n<p data-start=\"890\" data-end=\"964\">\ud83d\udd12 <strong data-start=\"893\" data-end=\"912\">Tapa removible:<\/strong> Facilita inspecciones y mantenimiento del cableado.<\/p>\n<\/li>\n<li data-start=\"965\" data-end=\"1016\">\n<p data-start=\"967\" data-end=\"1016\">\u2699\ufe0f <strong data-start=\"970\" data-end=\"988\">Rosca interna:<\/strong> Compatible con tuber\u00eda EMT.<\/p>\n<\/li>\n<li data-start=\"1017\" data-end=\"1080\">\n<p data-start=\"1019\" data-end=\"1080\">\u2614 <strong data-start=\"1021\" data-end=\"1041\">Uso recomendado:<\/strong> Ambientes secos, h\u00famedos o corrosivos.<\/p>\n<\/li>\n<li data-start=\"1081\" data-end=\"1139\">\n<p data-start=\"1083\" data-end=\"1139\">\ud83d\udccf <strong data-start=\"1086\" data-end=\"1110\">Tama\u00f1os disponibles:<\/strong> 1\/2&#8243;, 3\/4&#8243;, 1&#8243;, entre otros.<\/p>\n<\/li>\n<\/ul>\n<p data-start=\"1141\" data-end=\"1265\">Ideal para instalaciones el\u00e9ctricas industriales, comerciales o residenciales. Calidad garantizada por <strong data-start=\"1244\" data-end=\"1264\">Per\u00fa Pernos EIRL<\/strong>.<\/p>\n","protected":false},"excerpt":{"rendered":"<p>Ideal para derivaciones el\u00e9ctricas en instalaciones EMT. Fabricada en aluminio resistente, con tapa removible y rosca interna. Alta durabilidad y f\u00e1cil instalaci\u00f3n<\/p>\n","protected":false},"featured_media":448,"comment_status":"open","ping_status":"closed","template":"","meta":{"_uag_custom_page_level_css":"","site-sidebar-layout":"default","site-content-layout":"","ast-site-content-layout":"default","site-content-style":"default","site-sidebar-style":"default","ast-global-header-display":"","ast-banner-title-visibility":"","ast-main-header-display":"","ast-hfb-above-header-display":"","ast-hfb-below-header-display":"","ast-hfb-mobile-header-display":"","site-post-title":"","ast-breadcrumbs-content":"","ast-featured-img":"","footer-sml-layout":"","ast-disable-related-posts":"","theme-transparent-header-meta":"default","adv-header-id-meta":"","stick-header-meta":"","header-above-stick-meta":"","header-main-stick-meta":"","header-below-stick-meta":"","astra-migrate-meta-layouts":"set","ast-page-background-enabled":"default","ast-page-background-meta":{"desktop":{"background-color":"var(--ast-global-color-4)","background-image":"","background-repeat":"repeat","background-position":"center center","background-size":"auto","background-attachment":"scroll","background-type":"","background-media":"","overlay-type":"","overlay-color":"","overlay-opacity":"","overlay-gradient":""},"tablet":{"background-color":"","background-image":"","background-repeat":"repeat","background-position":"center center","background-size":"auto","background-attachment":"scroll","background-type":"","background-media":"","overlay-type":"","overlay-color":"","overlay-opacity":"","overlay-gradient":""},"mobile":{"background-color":"","background-image":"","background-repeat":"repeat","background-position":"center center","background-size":"auto","background-attachment":"scroll","background-type":"","background-media":"","overlay-type":"","overlay-color":"","overlay-opacity":"","overlay-gradient":""}},"ast-content-background-meta":{"desktop":{"background-color":"var(--ast-global-color-5)","background-image":"","background-repeat":"repeat","background-position":"center center","background-size":"auto","background-attachment":"scroll","background-type":"","background-media":"","overlay-type":"","overlay-color":"","overlay-opacity":"","overlay-gradient":""},"tablet":{"background-color":"var(--ast-global-color-5)","background-image":"","background-repeat":"repeat","background-position":"center center","background-size":"auto","background-attachment":"scroll","background-type":"","background-media":"","overlay-type":"","overlay-color":"","overlay-opacity":"","overlay-gradient":""},"mobile":{"background-color":"var(--ast-global-color-5)","background-image":"","background-repeat":"repeat","background-position":"center center","background-size":"auto","background-attachment":"scroll","background-type":"","background-media":"","overlay-type":"","overlay-color":"","overlay-opacity":"","overlay-gradient":""}}},"product_brand":[],"product_cat":[17],"product_tag":[],"class_list":{"0":"post-447","1":"product","2":"type-product","3":"status-publish","4":"has-post-thumbnail","6":"product_cat-linea-emt","7":"desktop-align-left","8":"tablet-align-left","9":"mobile-align-left","11":"first","12":"instock","13":"shipping-taxable","14":"product-type-simple"},"uagb_featured_image_src":{"full":["https:\/\/perupernos.com.pe\/wp-content\/uploads\/2025\/09\/Caja-Condulet-tipo-C-wp.webp",1000,1000,false],"thumbnail":["https:\/\/perupernos.com.pe\/wp-content\/uploads\/2025\/09\/Caja-Condulet-tipo-C-wp-150x150.webp",150,150,true],"medium":["https:\/\/perupernos.com.pe\/wp-content\/uploads\/2025\/09\/Caja-Condulet-tipo-C-wp-300x300.webp",300,300,true],"medium_large":["https:\/\/perupernos.com.pe\/wp-content\/uploads\/2025\/09\/Caja-Condulet-tipo-C-wp-768x768.webp",768,768,true],"large":["https:\/\/perupernos.com.pe\/wp-content\/uploads\/2025\/09\/Caja-Condulet-tipo-C-wp.webp",1000,1000,false],"1536x1536":["https:\/\/perupernos.com.pe\/wp-content\/uploads\/2025\/09\/Caja-Condulet-tipo-C-wp.webp",1000,1000,false],"2048x2048":["https:\/\/perupernos.com.pe\/wp-content\/uploads\/2025\/09\/Caja-Condulet-tipo-C-wp.webp",1000,1000,false],"woocommerce_thumbnail":["https:\/\/perupernos.com.pe\/wp-content\/uploads\/2025\/09\/Caja-Condulet-tipo-C-wp-300x300.webp",300,300,true],"woocommerce_single":["https:\/\/perupernos.com.pe\/wp-content\/uploads\/2025\/09\/Caja-Condulet-tipo-C-wp-600x600.webp",600,600,true],"woocommerce_gallery_thumbnail":["https:\/\/perupernos.com.pe\/wp-content\/uploads\/2025\/09\/Caja-Condulet-tipo-C-wp-100x100.webp",100,100,true],"dgwt-wcas-product-suggestion":["https:\/\/perupernos.com.pe\/wp-content\/uploads\/2025\/09\/Caja-Condulet-tipo-C-wp-64x64.webp",64,64,true]},"uagb_author_info":{"display_name":"admin","author_link":"https:\/\/perupernos.com.pe\/author"},"uagb_comment_info":0,"uagb_excerpt":"Ideal para derivaciones el\u00e9ctricas en instalaciones EMT. Fabricada en aluminio resistente, con tapa removible y rosca interna. Alta durabilidad y f\u00e1cil instalaci\u00f3n","_links":{"self":[{"href":"https:\/\/perupernos.com.pe\/index.php?rest_route=\/wp\/v2\/product\/447","targetHints":{"allow":["GET"]}}],"collection":[{"href":"https:\/\/perupernos.com.pe\/index.php?rest_route=\/wp\/v2\/product"}],"about":[{"href":"https:\/\/perupernos.com.pe\/index.php?rest_route=\/wp\/v2\/types\/product"}],"replies":[{"embeddable":true,"href":"https:\/\/perupernos.com.pe\/index.php?rest_route=%2Fwp%2Fv2%2Fcomments&post=447"}],"wp:featuredmedia":[{"embeddable":true,"href":"https:\/\/perupernos.com.pe\/index.php?rest_route=\/wp\/v2\/media\/448"}],"wp:attachment":[{"href":"https:\/\/perupernos.com.pe\/index.php?rest_route=%2Fwp%2Fv2%2Fmedia&parent=447"}],"wp:term":[{"taxonomy":"product_brand","embeddable":true,"href":"https:\/\/perupernos.com.pe\/index.php?rest_route=%2Fwp%2Fv2%2Fproduct_brand&post=447"},{"taxonomy":"product_cat","embeddable":true,"href":"https:\/\/perupernos.com.pe\/index.php?rest_route=%2Fwp%2Fv2%2Fproduct_cat&post=447"},{"taxonomy":"product_tag","embeddable":true,"href":"https:\/\/perupernos.com.pe\/index.php?rest_route=%2Fwp%2Fv2%2Fproduct_tag&post=447"}],"curies":[{"name":"wp","href":"https:\/\/api.w.org\/{rel}","templated":true}]}}