{"id":463,"date":"2025-09-01T17:52:14","date_gmt":"2025-09-01T17:52:14","guid":{"rendered":"https:\/\/perupernos.com.pe\/?post_type=product&#038;p=463"},"modified":"2025-09-01T18:17:57","modified_gmt":"2025-09-01T18:17:57","slug":"caja-condulet-tipo-lb","status":"publish","type":"product","link":"https:\/\/perupernos.com.pe\/?product=caja-condulet-tipo-lb","title":{"rendered":"Caja Condulet Tipo LB"},"content":{"rendered":"<p data-start=\"4345\" data-end=\"4512\">La <strong data-start=\"4373\" data-end=\"4398\">Caja Condulet Tipo LB<\/strong> permite el acceso y protecci\u00f3n de cables en cambios de direcci\u00f3n, ideal para instalaciones en \u00e1ngulos cerrados.<\/p>\n<ul data-start=\"4513\" data-end=\"4673\">\n<li data-start=\"4513\" data-end=\"4543\">\n<p data-start=\"4515\" data-end=\"4543\">Material: aluminio fundido<\/p>\n<\/li>\n<li data-start=\"4544\" data-end=\"4573\">\n<p data-start=\"4546\" data-end=\"4573\">Entrada lateral posterior<\/p>\n<\/li>\n<li data-start=\"4574\" data-end=\"4606\">\n<p data-start=\"4576\" data-end=\"4606\">Tapa removible con tornillos<\/p>\n<\/li>\n<li data-start=\"4607\" data-end=\"4638\">\n<p data-start=\"4609\" data-end=\"4638\">Compatible con tuber\u00edas EMT<\/p>\n<\/li>\n<li data-start=\"4639\" data-end=\"4673\">\n<p data-start=\"4641\" data-end=\"4673\">Uso en interiores y exteriores<\/p>\n<\/li>\n<\/ul>\n","protected":false},"excerpt":{"rendered":"<p>Caja condulet tipo LB, especial para cambios de direcci\u00f3n en espacios reducidos.<\/p>\n","protected":false},"featured_media":454,"comment_status":"open","ping_status":"closed","template":"","meta":{"_uag_custom_page_level_css":"","site-sidebar-layout":"default","site-content-layout":"","ast-site-content-layout":"default","site-content-style":"default","site-sidebar-style":"default","ast-global-header-display":"","ast-banner-title-visibility":"","ast-main-header-display":"","ast-hfb-above-header-display":"","ast-hfb-below-header-display":"","ast-hfb-mobile-header-display":"","site-post-title":"","ast-breadcrumbs-content":"","ast-featured-img":"","footer-sml-layout":"","ast-disable-related-posts":"","theme-transparent-header-meta":"default","adv-header-id-meta":"","stick-header-meta":"","header-above-stick-meta":"","header-main-stick-meta":"","header-below-stick-meta":"","astra-migrate-meta-layouts":"set","ast-page-background-enabled":"default","ast-page-background-meta":{"desktop":{"background-color":"var(--ast-global-color-4)","background-image":"","background-repeat":"repeat","background-position":"center center","background-size":"auto","background-attachment":"scroll","background-type":"","background-media":"","overlay-type":"","overlay-color":"","overlay-opacity":"","overlay-gradient":""},"tablet":{"background-color":"","background-image":"","background-repeat":"repeat","background-position":"center center","background-size":"auto","background-attachment":"scroll","background-type":"","background-media":"","overlay-type":"","overlay-color":"","overlay-opacity":"","overlay-gradient":""},"mobile":{"background-color":"","background-image":"","background-repeat":"repeat","background-position":"center center","background-size":"auto","background-attachment":"scroll","background-type":"","background-media":"","overlay-type":"","overlay-color":"","overlay-opacity":"","overlay-gradient":""}},"ast-content-background-meta":{"desktop":{"background-color":"var(--ast-global-color-5)","background-image":"","background-repeat":"repeat","background-position":"center center","background-size":"auto","background-attachment":"scroll","background-type":"","background-media":"","overlay-type":"","overlay-color":"","overlay-opacity":"","overlay-gradient":""},"tablet":{"background-color":"var(--ast-global-color-5)","background-image":"","background-repeat":"repeat","background-position":"center center","background-size":"auto","background-attachment":"scroll","background-type":"","background-media":"","overlay-type":"","overlay-color":"","overlay-opacity":"","overlay-gradient":""},"mobile":{"background-color":"var(--ast-global-color-5)","background-image":"","background-repeat":"repeat","background-position":"center center","background-size":"auto","background-attachment":"scroll","background-type":"","background-media":"","overlay-type":"","overlay-color":"","overlay-opacity":"","overlay-gradient":""}}},"product_brand":[],"product_cat":[17],"product_tag":[],"class_list":{"0":"post-463","1":"product","2":"type-product","3":"status-publish","4":"has-post-thumbnail","6":"product_cat-linea-emt","7":"desktop-align-left","8":"tablet-align-left","9":"mobile-align-left","11":"first","12":"instock","13":"shipping-taxable","14":"product-type-simple"},"uagb_featured_image_src":{"full":["https:\/\/perupernos.com.pe\/wp-content\/uploads\/2025\/09\/Caja-condulet-tipo-LB.png",1000,1000,false],"thumbnail":["https:\/\/perupernos.com.pe\/wp-content\/uploads\/2025\/09\/Caja-condulet-tipo-LB-150x150.png",150,150,true],"medium":["https:\/\/perupernos.com.pe\/wp-content\/uploads\/2025\/09\/Caja-condulet-tipo-LB-300x300.png",300,300,true],"medium_large":["https:\/\/perupernos.com.pe\/wp-content\/uploads\/2025\/09\/Caja-condulet-tipo-LB-768x768.png",768,768,true],"large":["https:\/\/perupernos.com.pe\/wp-content\/uploads\/2025\/09\/Caja-condulet-tipo-LB.png",1000,1000,false],"1536x1536":["https:\/\/perupernos.com.pe\/wp-content\/uploads\/2025\/09\/Caja-condulet-tipo-LB.png",1000,1000,false],"2048x2048":["https:\/\/perupernos.com.pe\/wp-content\/uploads\/2025\/09\/Caja-condulet-tipo-LB.png",1000,1000,false],"woocommerce_thumbnail":["https:\/\/perupernos.com.pe\/wp-content\/uploads\/2025\/09\/Caja-condulet-tipo-LB-300x300.png",300,300,true],"woocommerce_single":["https:\/\/perupernos.com.pe\/wp-content\/uploads\/2025\/09\/Caja-condulet-tipo-LB-600x600.png",600,600,true],"woocommerce_gallery_thumbnail":["https:\/\/perupernos.com.pe\/wp-content\/uploads\/2025\/09\/Caja-condulet-tipo-LB-100x100.png",100,100,true],"dgwt-wcas-product-suggestion":["https:\/\/perupernos.com.pe\/wp-content\/uploads\/2025\/09\/Caja-condulet-tipo-LB-64x64.png",64,64,true]},"uagb_author_info":{"display_name":"admin","author_link":"https:\/\/perupernos.com.pe\/author"},"uagb_comment_info":0,"uagb_excerpt":"Caja condulet tipo LB, especial para cambios de direcci\u00f3n en espacios reducidos.","_links":{"self":[{"href":"https:\/\/perupernos.com.pe\/index.php?rest_route=\/wp\/v2\/product\/463","targetHints":{"allow":["GET"]}}],"collection":[{"href":"https:\/\/perupernos.com.pe\/index.php?rest_route=\/wp\/v2\/product"}],"about":[{"href":"https:\/\/perupernos.com.pe\/index.php?rest_route=\/wp\/v2\/types\/product"}],"replies":[{"embeddable":true,"href":"https:\/\/perupernos.com.pe\/index.php?rest_route=%2Fwp%2Fv2%2Fcomments&post=463"}],"wp:featuredmedia":[{"embeddable":true,"href":"https:\/\/perupernos.com.pe\/index.php?rest_route=\/wp\/v2\/media\/454"}],"wp:attachment":[{"href":"https:\/\/perupernos.com.pe\/index.php?rest_route=%2Fwp%2Fv2%2Fmedia&parent=463"}],"wp:term":[{"taxonomy":"product_brand","embeddable":true,"href":"https:\/\/perupernos.com.pe\/index.php?rest_route=%2Fwp%2Fv2%2Fproduct_brand&post=463"},{"taxonomy":"product_cat","embeddable":true,"href":"https:\/\/perupernos.com.pe\/index.php?rest_route=%2Fwp%2Fv2%2Fproduct_cat&post=463"},{"taxonomy":"product_tag","embeddable":true,"href":"https:\/\/perupernos.com.pe\/index.php?rest_route=%2Fwp%2Fv2%2Fproduct_tag&post=463"}],"curies":[{"name":"wp","href":"https:\/\/api.w.org\/{rel}","templated":true}]}}