{"id":467,"date":"2025-09-01T17:57:37","date_gmt":"2025-09-01T17:57:37","guid":{"rendered":"https:\/\/perupernos.com.pe\/?post_type=product&#038;p=467"},"modified":"2025-09-01T17:57:37","modified_gmt":"2025-09-01T17:57:37","slug":"codo-pull-emt","status":"publish","type":"product","link":"https:\/\/perupernos.com.pe\/?product=codo-pull-emt","title":{"rendered":"Codo Pull EMT"},"content":{"rendered":"<p data-start=\"2065\" data-end=\"2218\">El <strong data-start=\"2093\" data-end=\"2110\">Codo Pull EMT<\/strong> se utiliza para desviar tuber\u00edas en canalizaciones el\u00e9ctricas, permitiendo un cambio de direcci\u00f3n seguro.<\/p>\n<ul data-start=\"2219\" data-end=\"2361\">\n<li data-start=\"2219\" data-end=\"2250\">\n<p data-start=\"2221\" data-end=\"2250\">Material: acero galvanizado<\/p>\n<\/li>\n<li data-start=\"2251\" data-end=\"2279\">\n<p data-start=\"2253\" data-end=\"2279\">Dise\u00f1o robusto y preciso<\/p>\n<\/li>\n<li data-start=\"2280\" data-end=\"2324\">\n<p data-start=\"2282\" data-end=\"2324\">Facilita el acceso al cableado en curvas<\/p>\n<\/li>\n<li data-start=\"2325\" data-end=\"2361\">\n<p data-start=\"2327\" data-end=\"2361\">Disponible en diferentes medidas<\/p>\n<\/li>\n<\/ul>\n","protected":false},"excerpt":{"rendered":"<p>Codo pull EMT para desv\u00edo de tuber\u00edas en instalaciones el\u00e9ctricas.<\/p>\n","protected":false},"featured_media":450,"comment_status":"open","ping_status":"closed","template":"","meta":{"_uag_custom_page_level_css":"","site-sidebar-layout":"default","site-content-layout":"","ast-site-content-layout":"default","site-content-style":"default","site-sidebar-style":"default","ast-global-header-display":"","ast-banner-title-visibility":"","ast-main-header-display":"","ast-hfb-above-header-display":"","ast-hfb-below-header-display":"","ast-hfb-mobile-header-display":"","site-post-title":"","ast-breadcrumbs-content":"","ast-featured-img":"","footer-sml-layout":"","ast-disable-related-posts":"","theme-transparent-header-meta":"default","adv-header-id-meta":"","stick-header-meta":"","header-above-stick-meta":"","header-main-stick-meta":"","header-below-stick-meta":"","astra-migrate-meta-layouts":"set","ast-page-background-enabled":"default","ast-page-background-meta":{"desktop":{"background-color":"var(--ast-global-color-4)","background-image":"","background-repeat":"repeat","background-position":"center center","background-size":"auto","background-attachment":"scroll","background-type":"","background-media":"","overlay-type":"","overlay-color":"","overlay-opacity":"","overlay-gradient":""},"tablet":{"background-color":"","background-image":"","background-repeat":"repeat","background-position":"center center","background-size":"auto","background-attachment":"scroll","background-type":"","background-media":"","overlay-type":"","overlay-color":"","overlay-opacity":"","overlay-gradient":""},"mobile":{"background-color":"","background-image":"","background-repeat":"repeat","background-position":"center center","background-size":"auto","background-attachment":"scroll","background-type":"","background-media":"","overlay-type":"","overlay-color":"","overlay-opacity":"","overlay-gradient":""}},"ast-content-background-meta":{"desktop":{"background-color":"var(--ast-global-color-5)","background-image":"","background-repeat":"repeat","background-position":"center center","background-size":"auto","background-attachment":"scroll","background-type":"","background-media":"","overlay-type":"","overlay-color":"","overlay-opacity":"","overlay-gradient":""},"tablet":{"background-color":"var(--ast-global-color-5)","background-image":"","background-repeat":"repeat","background-position":"center center","background-size":"auto","background-attachment":"scroll","background-type":"","background-media":"","overlay-type":"","overlay-color":"","overlay-opacity":"","overlay-gradient":""},"mobile":{"background-color":"var(--ast-global-color-5)","background-image":"","background-repeat":"repeat","background-position":"center center","background-size":"auto","background-attachment":"scroll","background-type":"","background-media":"","overlay-type":"","overlay-color":"","overlay-opacity":"","overlay-gradient":""}}},"product_brand":[],"product_cat":[17],"product_tag":[],"class_list":{"0":"post-467","1":"product","2":"type-product","3":"status-publish","4":"has-post-thumbnail","6":"product_cat-linea-emt","7":"desktop-align-left","8":"tablet-align-left","9":"mobile-align-left","11":"first","12":"instock","13":"shipping-taxable","14":"product-type-simple"},"uagb_featured_image_src":{"full":["https:\/\/perupernos.com.pe\/wp-content\/uploads\/2025\/09\/CODO-PULL-EMT.png",1000,1000,false],"thumbnail":["https:\/\/perupernos.com.pe\/wp-content\/uploads\/2025\/09\/CODO-PULL-EMT-150x150.png",150,150,true],"medium":["https:\/\/perupernos.com.pe\/wp-content\/uploads\/2025\/09\/CODO-PULL-EMT-300x300.png",300,300,true],"medium_large":["https:\/\/perupernos.com.pe\/wp-content\/uploads\/2025\/09\/CODO-PULL-EMT-768x768.png",768,768,true],"large":["https:\/\/perupernos.com.pe\/wp-content\/uploads\/2025\/09\/CODO-PULL-EMT.png",1000,1000,false],"1536x1536":["https:\/\/perupernos.com.pe\/wp-content\/uploads\/2025\/09\/CODO-PULL-EMT.png",1000,1000,false],"2048x2048":["https:\/\/perupernos.com.pe\/wp-content\/uploads\/2025\/09\/CODO-PULL-EMT.png",1000,1000,false],"woocommerce_thumbnail":["https:\/\/perupernos.com.pe\/wp-content\/uploads\/2025\/09\/CODO-PULL-EMT-300x300.png",300,300,true],"woocommerce_single":["https:\/\/perupernos.com.pe\/wp-content\/uploads\/2025\/09\/CODO-PULL-EMT-600x600.png",600,600,true],"woocommerce_gallery_thumbnail":["https:\/\/perupernos.com.pe\/wp-content\/uploads\/2025\/09\/CODO-PULL-EMT-100x100.png",100,100,true],"dgwt-wcas-product-suggestion":["https:\/\/perupernos.com.pe\/wp-content\/uploads\/2025\/09\/CODO-PULL-EMT-64x64.png",64,64,true]},"uagb_author_info":{"display_name":"admin","author_link":"https:\/\/perupernos.com.pe\/author"},"uagb_comment_info":0,"uagb_excerpt":"Codo pull EMT para desv\u00edo de tuber\u00edas en instalaciones el\u00e9ctricas.","_links":{"self":[{"href":"https:\/\/perupernos.com.pe\/index.php?rest_route=\/wp\/v2\/product\/467","targetHints":{"allow":["GET"]}}],"collection":[{"href":"https:\/\/perupernos.com.pe\/index.php?rest_route=\/wp\/v2\/product"}],"about":[{"href":"https:\/\/perupernos.com.pe\/index.php?rest_route=\/wp\/v2\/types\/product"}],"replies":[{"embeddable":true,"href":"https:\/\/perupernos.com.pe\/index.php?rest_route=%2Fwp%2Fv2%2Fcomments&post=467"}],"wp:featuredmedia":[{"embeddable":true,"href":"https:\/\/perupernos.com.pe\/index.php?rest_route=\/wp\/v2\/media\/450"}],"wp:attachment":[{"href":"https:\/\/perupernos.com.pe\/index.php?rest_route=%2Fwp%2Fv2%2Fmedia&parent=467"}],"wp:term":[{"taxonomy":"product_brand","embeddable":true,"href":"https:\/\/perupernos.com.pe\/index.php?rest_route=%2Fwp%2Fv2%2Fproduct_brand&post=467"},{"taxonomy":"product_cat","embeddable":true,"href":"https:\/\/perupernos.com.pe\/index.php?rest_route=%2Fwp%2Fv2%2Fproduct_cat&post=467"},{"taxonomy":"product_tag","embeddable":true,"href":"https:\/\/perupernos.com.pe\/index.php?rest_route=%2Fwp%2Fv2%2Fproduct_tag&post=467"}],"curies":[{"name":"wp","href":"https:\/\/api.w.org\/{rel}","templated":true}]}}