{"id":469,"date":"2025-09-01T18:01:37","date_gmt":"2025-09-01T18:01:37","guid":{"rendered":"https:\/\/perupernos.com.pe\/?post_type=product&#038;p=469"},"modified":"2025-09-01T18:21:36","modified_gmt":"2025-09-01T18:21:36","slug":"tubo-conduit-emt","status":"publish","type":"product","link":"https:\/\/perupernos.com.pe\/?product=tubo-conduit-emt","title":{"rendered":"Tubo Conduit EMT"},"content":{"rendered":"<p data-start=\"1043\" data-end=\"1218\">El <strong data-start=\"1071\" data-end=\"1091\">Tubo Conduit EMT<\/strong> (Electrical Metallic Tubing) es un conducto met\u00e1lico galvanizado de pared delgada, dise\u00f1ado para proteger cables el\u00e9ctricos.<\/p>\n<ul data-start=\"1219\" data-end=\"1413\">\n<li data-start=\"1219\" data-end=\"1253\">\n<p data-start=\"1221\" data-end=\"1253\">Fabricado en acero galvanizado<\/p>\n<\/li>\n<li data-start=\"1254\" data-end=\"1284\">\n<p data-start=\"1256\" data-end=\"1284\">Ligero y f\u00e1cil de instalar<\/p>\n<\/li>\n<li data-start=\"1285\" data-end=\"1314\">\n<p data-start=\"1287\" data-end=\"1314\">Resistente a la corrosi\u00f3n<\/p>\n<\/li>\n<li data-start=\"1315\" data-end=\"1367\">\n<p data-start=\"1317\" data-end=\"1367\">Cumple con normativas el\u00e9ctricas internacionales<\/p>\n<\/li>\n<li data-start=\"1368\" data-end=\"1413\">\n<p data-start=\"1370\" data-end=\"1413\">Disponible en medidas desde 1\/2\u201d hasta 2\u201d<\/p>\n<\/li>\n<\/ul>\n","protected":false},"excerpt":{"rendered":"<p data-start=\"902\" data-end=\"1041\">Tubo conduit EMT galvanizado, ligero y resistente, ideal para canalizaci\u00f3n el\u00e9ctrica en interiores y exteriores en diferentes di\u00e1metros (\u00bd\u201d, \u00be\u201d, 1\u201d, 1 \u00bc\u201d, 1 \u00bd\u201d y 2\u201d).<\/p>\n<p data-start=\"1043\" data-end=\"1218\">\n","protected":false},"featured_media":452,"comment_status":"open","ping_status":"closed","template":"","meta":{"_uag_custom_page_level_css":"","site-sidebar-layout":"default","site-content-layout":"","ast-site-content-layout":"default","site-content-style":"default","site-sidebar-style":"default","ast-global-header-display":"","ast-banner-title-visibility":"","ast-main-header-display":"","ast-hfb-above-header-display":"","ast-hfb-below-header-display":"","ast-hfb-mobile-header-display":"","site-post-title":"","ast-breadcrumbs-content":"","ast-featured-img":"","footer-sml-layout":"","ast-disable-related-posts":"","theme-transparent-header-meta":"default","adv-header-id-meta":"","stick-header-meta":"","header-above-stick-meta":"","header-main-stick-meta":"","header-below-stick-meta":"","astra-migrate-meta-layouts":"set","ast-page-background-enabled":"default","ast-page-background-meta":{"desktop":{"background-color":"var(--ast-global-color-4)","background-image":"","background-repeat":"repeat","background-position":"center center","background-size":"auto","background-attachment":"scroll","background-type":"","background-media":"","overlay-type":"","overlay-color":"","overlay-opacity":"","overlay-gradient":""},"tablet":{"background-color":"","background-image":"","background-repeat":"repeat","background-position":"center center","background-size":"auto","background-attachment":"scroll","background-type":"","background-media":"","overlay-type":"","overlay-color":"","overlay-opacity":"","overlay-gradient":""},"mobile":{"background-color":"","background-image":"","background-repeat":"repeat","background-position":"center center","background-size":"auto","background-attachment":"scroll","background-type":"","background-media":"","overlay-type":"","overlay-color":"","overlay-opacity":"","overlay-gradient":""}},"ast-content-background-meta":{"desktop":{"background-color":"var(--ast-global-color-5)","background-image":"","background-repeat":"repeat","background-position":"center center","background-size":"auto","background-attachment":"scroll","background-type":"","background-media":"","overlay-type":"","overlay-color":"","overlay-opacity":"","overlay-gradient":""},"tablet":{"background-color":"var(--ast-global-color-5)","background-image":"","background-repeat":"repeat","background-position":"center center","background-size":"auto","background-attachment":"scroll","background-type":"","background-media":"","overlay-type":"","overlay-color":"","overlay-opacity":"","overlay-gradient":""},"mobile":{"background-color":"var(--ast-global-color-5)","background-image":"","background-repeat":"repeat","background-position":"center center","background-size":"auto","background-attachment":"scroll","background-type":"","background-media":"","overlay-type":"","overlay-color":"","overlay-opacity":"","overlay-gradient":""}}},"product_brand":[],"product_cat":[17],"product_tag":[],"class_list":{"0":"post-469","1":"product","2":"type-product","3":"status-publish","4":"has-post-thumbnail","6":"product_cat-linea-emt","7":"desktop-align-left","8":"tablet-align-left","9":"mobile-align-left","11":"first","12":"instock","13":"shipping-taxable","14":"product-type-simple"},"uagb_featured_image_src":{"full":["https:\/\/perupernos.com.pe\/wp-content\/uploads\/2025\/09\/Tubo-Conduit-EMT.png",1000,1000,false],"thumbnail":["https:\/\/perupernos.com.pe\/wp-content\/uploads\/2025\/09\/Tubo-Conduit-EMT-150x150.png",150,150,true],"medium":["https:\/\/perupernos.com.pe\/wp-content\/uploads\/2025\/09\/Tubo-Conduit-EMT-300x300.png",300,300,true],"medium_large":["https:\/\/perupernos.com.pe\/wp-content\/uploads\/2025\/09\/Tubo-Conduit-EMT-768x768.png",768,768,true],"large":["https:\/\/perupernos.com.pe\/wp-content\/uploads\/2025\/09\/Tubo-Conduit-EMT.png",1000,1000,false],"1536x1536":["https:\/\/perupernos.com.pe\/wp-content\/uploads\/2025\/09\/Tubo-Conduit-EMT.png",1000,1000,false],"2048x2048":["https:\/\/perupernos.com.pe\/wp-content\/uploads\/2025\/09\/Tubo-Conduit-EMT.png",1000,1000,false],"woocommerce_thumbnail":["https:\/\/perupernos.com.pe\/wp-content\/uploads\/2025\/09\/Tubo-Conduit-EMT-300x300.png",300,300,true],"woocommerce_single":["https:\/\/perupernos.com.pe\/wp-content\/uploads\/2025\/09\/Tubo-Conduit-EMT-600x600.png",600,600,true],"woocommerce_gallery_thumbnail":["https:\/\/perupernos.com.pe\/wp-content\/uploads\/2025\/09\/Tubo-Conduit-EMT-100x100.png",100,100,true],"dgwt-wcas-product-suggestion":["https:\/\/perupernos.com.pe\/wp-content\/uploads\/2025\/09\/Tubo-Conduit-EMT-64x64.png",64,64,true]},"uagb_author_info":{"display_name":"admin","author_link":"https:\/\/perupernos.com.pe\/author"},"uagb_comment_info":0,"uagb_excerpt":"Tubo conduit EMT galvanizado, ligero y resistente, ideal para canalizaci\u00f3n el\u00e9ctrica en interiores y exteriores en diferentes di\u00e1metros (\u00bd\u201d, \u00be\u201d, 1\u201d, 1 \u00bc\u201d, 1 \u00bd\u201d y 2\u201d).","_links":{"self":[{"href":"https:\/\/perupernos.com.pe\/index.php?rest_route=\/wp\/v2\/product\/469","targetHints":{"allow":["GET"]}}],"collection":[{"href":"https:\/\/perupernos.com.pe\/index.php?rest_route=\/wp\/v2\/product"}],"about":[{"href":"https:\/\/perupernos.com.pe\/index.php?rest_route=\/wp\/v2\/types\/product"}],"replies":[{"embeddable":true,"href":"https:\/\/perupernos.com.pe\/index.php?rest_route=%2Fwp%2Fv2%2Fcomments&post=469"}],"wp:featuredmedia":[{"embeddable":true,"href":"https:\/\/perupernos.com.pe\/index.php?rest_route=\/wp\/v2\/media\/452"}],"wp:attachment":[{"href":"https:\/\/perupernos.com.pe\/index.php?rest_route=%2Fwp%2Fv2%2Fmedia&parent=469"}],"wp:term":[{"taxonomy":"product_brand","embeddable":true,"href":"https:\/\/perupernos.com.pe\/index.php?rest_route=%2Fwp%2Fv2%2Fproduct_brand&post=469"},{"taxonomy":"product_cat","embeddable":true,"href":"https:\/\/perupernos.com.pe\/index.php?rest_route=%2Fwp%2Fv2%2Fproduct_cat&post=469"},{"taxonomy":"product_tag","embeddable":true,"href":"https:\/\/perupernos.com.pe\/index.php?rest_route=%2Fwp%2Fv2%2Fproduct_tag&post=469"}],"curies":[{"name":"wp","href":"https:\/\/api.w.org\/{rel}","templated":true}]}}